{"id":41,"date":"2024-06-13T14:58:34","date_gmt":"2024-06-13T12:58:34","guid":{"rendered":"https:\/\/www.therapie85.com\/?page_id=41"},"modified":"2025-01-17T16:06:04","modified_gmt":"2025-01-17T15:06:04","slug":"rendez-vous","status":"publish","type":"page","link":"https:\/\/www.therapie85.com\/index.php\/rendez-vous\/","title":{"rendered":"Th\u00e9rapie de couple"},"content":{"rendered":"\n<p><strong>Renouer et renforcer la relation<\/strong><br>La th\u00e9rapie de couple est une approche destin\u00e9e \u00e0 am\u00e9liorer la relation entre les partenaires en les<br>aidant \u00e0 comprendre et \u00e0 r\u00e9soudre leurs conflits. Elle vise \u00e0 cr\u00e9er un espace o\u00f9 le dialogue, la<br>compr\u00e9hension et la connexion \u00e9motionnelle peuvent s\u2019\u00e9panouir<\/p>\n\n\n\n<p class=\"has-large-font-size\"><strong><span style=\"text-decoration: underline;\">Objectifs :<\/span><\/strong><\/p>\n\n\n\n<p><strong>&#8211; Am\u00e9liorer la communication<\/strong><\/p>\n\n\n\n<ul class=\"wp-block-list\">\n<li>Proposer des techniques de communication efficaces.<\/li>\n\n\n\n<li>Encourager l\u2019expression des besoins et des sentiments.<\/li>\n\n\n\n<li>Favoriser une \u00e9coute active et respectueuse.<\/li>\n<\/ul>\n\n\n\n<p><strong>&#8211; R\u00e9soudre les conflits de mani\u00e8re constructive<\/strong><\/p>\n\n\n\n<ul class=\"wp-block-list\">\n<li>Offrir des outils pour g\u00e9rer les conflits et d\u00e9samorcer les tensions.<\/li>\n<\/ul>\n\n\n\n<h4 class=\"wp-block-heading\">&#8211; Se reconnecter \u00e9motionnellement<\/h4>\n\n\n\n<ul class=\"wp-block-list\">\n<li>Encourager l\u2019empathie et la compr\u00e9hension mutuelle.<\/li>\n\n\n\n<li>Favoriser les expressions d\u2019affection et les gestes de rapprochement.<\/li>\n<\/ul>\n\n\n\n<p><strong>&#8211; Clarifier les attentes et les r\u00f4les respectifs<\/strong><\/p>\n\n\n\n<ul class=\"wp-block-list\">\n<li>Explorer et discuter des r\u00f4les de chacun au sein du couple.<\/li>\n\n\n\n<li>Aligner les attentes pour \u00e9viter malentendus et frustrations<\/li>\n<\/ul>\n\n\n\n<p class=\"has-medium-font-size\"><strong><span style=\"text-decoration: underline;\">D\u00e9roulement :<\/span><\/strong><\/p>\n\n\n\n<p><strong>Dur\u00e9e et Engagement <\/strong><\/p>\n\n\n\n<ul class=\"wp-block-list\">\n<li><strong>Dur\u00e9e des s\u00e9ances<\/strong> : Chaque s\u00e9ance de th\u00e9rapie dure 1h15.<\/li>\n\n\n\n<li><strong>Pr\u00e9sence des partenaires<\/strong> : Les deux partenaires doivent participer activement car la th\u00e9rapie de couple repose sur une collaboration mutuelle.<\/li>\n<\/ul>\n\n\n\n<p><strong>R\u00f4le du Th\u00e9rapeute<\/strong><br>Le th\u00e9rapeute agit comme un m\u00e9diateur neutre et impartial. Son r\u00f4le est de :<\/p>\n\n\n\n<ul class=\"wp-block-list\">\n<li>Cr\u00e9er un espace s\u00e9curis\u00e9 pour l\u2019expression de chacun.<\/li>\n\n\n\n<li>Guider les discussions et apporter des outils adapt\u00e9s aux besoins du couple.<\/li>\n<\/ul>\n\n\n\n<p><strong><span style=\"text-decoration: underline;\">Les \u00c9tapes de la Th\u00e9rapie<\/span><\/strong><br>                    <strong>\u2717 L&rsquo;\u00e9valuation initiale<\/strong><br>Elle se d\u00e9roule en deux \u00e9tapes :<br><strong>1-<\/strong> <strong>Premi\u00e8re s\u00e9ance en couple<\/strong><br>Les deux partenaires sont re\u00e7us ensemble. Le th\u00e9rapeute observe la dynamique du couple et<br>identifie les probl\u00e9matiques principales.<br><strong>2- S\u00e9ances individuelles<\/strong><br>Chaque membre du couple est ensuite re\u00e7u individuellement, durant une heure. Ces entretiens<br>permettent \u00e0 chacun d\u2019exprimer librement ses ressentis, besoins et attentes, dans un espace<br>confidentiel.<br>\u00c0 l\u2019issue de ces rencontres, le th\u00e9rapeute, en collaboration avec les partenaires, d\u00e9finit des objectifs<br>clairs et adapt\u00e9s aux besoins du couple.<\/p>\n\n\n\n<p><br><strong>\u2717 Les rendez-vous suivants<\/strong><br>Au fil des s\u00e9ances, diff\u00e9rentes techniques sont utilis\u00e9es pour atteindre les objectifs fix\u00e9s :<\/p>\n\n\n\n<ul class=\"wp-block-list\">\n<li><strong>Exercices de communication<\/strong> : Am\u00e9liorer la qualit\u00e9 des \u00e9changes et de l\u2019\u00e9coute.<\/li>\n\n\n\n<li><strong>Jeux de r\u00f4le<\/strong> : Aider les partenaires \u00e0 se mettre \u00e0 la place de l\u2019autre pour mieux comprendre<br>son point de vue.<\/li>\n\n\n\n<li><strong>Discussions guid\u00e9es<\/strong> : Aborder des sujets sensibles dans un cadre respectueux et constructif<\/li>\n<\/ul>\n\n\n\n<p><strong>\u2717 La derni\u00e8re s\u00e9ance<\/strong><\/p>\n\n\n\n<ul class=\"wp-block-list\">\n<li><strong>\u00c9valuation des progr\u00e8s<\/strong> : Faire le point sur les objectifs atteints et les \u00e9volutions.<\/li>\n\n\n\n<li><strong>Plan de maintien<\/strong> : \u00c9laborer une strat\u00e9gie pour consolider les acquis et maintenir les<br>am\u00e9liorations dans le temps<\/li>\n<\/ul>\n","protected":false},"excerpt":{"rendered":"<p>Renouer et renforcer la relationLa th\u00e9rapie de couple est une approche destin\u00e9e \u00e0 am\u00e9liorer la relation entre les partenaires en lesaidant \u00e0 comprendre et \u00e0 r\u00e9soudre leurs conflits. Elle vise &hellip; <\/p>\n","protected":false},"author":1,"featured_media":0,"parent":0,"menu_order":0,"comment_status":"closed","ping_status":"closed","template":"","meta":{"sfsi_plus_gutenberg_text_before_share":"","sfsi_plus_gutenberg_show_text_before_share":"","sfsi_plus_gutenberg_icon_type":"","sfsi_plus_gutenberg_icon_alignemt":"","sfsi_plus_gutenburg_max_per_row":"","footnotes":""},"class_list":["post-41","page","type-page","status-publish","hentry"],"_links":{"self":[{"href":"https:\/\/www.therapie85.com\/index.php\/wp-json\/wp\/v2\/pages\/41","targetHints":{"allow":["GET"]}}],"collection":[{"href":"https:\/\/www.therapie85.com\/index.php\/wp-json\/wp\/v2\/pages"}],"about":[{"href":"https:\/\/www.therapie85.com\/index.php\/wp-json\/wp\/v2\/types\/page"}],"author":[{"embeddable":true,"href":"https:\/\/www.therapie85.com\/index.php\/wp-json\/wp\/v2\/users\/1"}],"replies":[{"embeddable":true,"href":"https:\/\/www.therapie85.com\/index.php\/wp-json\/wp\/v2\/comments?post=41"}],"version-history":[{"count":5,"href":"https:\/\/www.therapie85.com\/index.php\/wp-json\/wp\/v2\/pages\/41\/revisions"}],"predecessor-version":[{"id":172,"href":"https:\/\/www.therapie85.com\/index.php\/wp-json\/wp\/v2\/pages\/41\/revisions\/172"}],"wp:attachment":[{"href":"https:\/\/www.therapie85.com\/index.php\/wp-json\/wp\/v2\/media?parent=41"}],"curies":[{"name":"wp","href":"https:\/\/api.w.org\/{rel}","templated":true}]}}