{"id":38,"date":"2024-06-13T14:58:34","date_gmt":"2024-06-13T12:58:34","guid":{"rendered":"https:\/\/www.therapie85.com\/?page_id=38"},"modified":"2025-01-17T16:13:23","modified_gmt":"2025-01-17T15:13:23","slug":"psychotherapie","status":"publish","type":"page","link":"https:\/\/www.therapie85.com\/index.php\/psychotherapie\/","title":{"rendered":"Qui suis-je ?"},"content":{"rendered":"\n<figure class=\"wp-block-image size-large is-resized\"><img loading=\"lazy\" decoding=\"async\" width=\"1024\" height=\"682\" src=\"https:\/\/www.therapie85.com\/wp-content\/uploads\/2025\/01\/IMG-20250116-WA0014-1024x682.jpg\" alt=\"\" class=\"wp-image-175\" style=\"width:435px;height:auto\" srcset=\"https:\/\/www.therapie85.com\/wp-content\/uploads\/2025\/01\/IMG-20250116-WA0014-1024x682.jpg 1024w, https:\/\/www.therapie85.com\/wp-content\/uploads\/2025\/01\/IMG-20250116-WA0014-300x200.jpg 300w, https:\/\/www.therapie85.com\/wp-content\/uploads\/2025\/01\/IMG-20250116-WA0014-768x512.jpg 768w, https:\/\/www.therapie85.com\/wp-content\/uploads\/2025\/01\/IMG-20250116-WA0014-1536x1023.jpg 1536w, https:\/\/www.therapie85.com\/wp-content\/uploads\/2025\/01\/IMG-20250116-WA0014-370x247.jpg 370w, https:\/\/www.therapie85.com\/wp-content\/uploads\/2025\/01\/IMG-20250116-WA0014-776x517.jpg 776w, https:\/\/www.therapie85.com\/wp-content\/uploads\/2025\/01\/IMG-20250116-WA0014.jpg 1600w\" sizes=\"auto, (max-width: 1024px) 100vw, 1024px\" \/><\/figure>\n\n\n\n<p><strong>Mon Parcours<\/strong><br>J\u2019ai d\u00e9but\u00e9 ma carri\u00e8re professionnelle en tant que formatrice aupr\u00e8s d\u2019adolescents, un r\u00f4le que j\u2019ai<br>exerc\u00e9 avec engagement pendant plus de vingt ans. Ces ann\u00e9es m\u2019ont permis d\u2019accompagner de<br>nombreux jeunes, mais aussi de constater des situations de mal-\u00eatre et de souffrance qui affectaient<br>leur quotidien et leurs apprentissages, engendrant parfois des conflits. Progressivement, j\u2019ai ressenti<br>une forme d\u2019impuissance et de d\u00e9calage dans ma fonction d\u2019enseignante, ne me sentant ni<br>pleinement l\u00e9gitime ni suffisamment outill\u00e9e pour leur apporter le soutien dont ils avaient besoin.<br>Cette prise de conscience m\u2019a conduite \u00e0 questionner le sens de ma mission et \u00e0 envisager une<br>reconversion vers une profession davantage centr\u00e9e sur l\u2019accompagnement et l\u2019aide individuelle.<\/p>\n\n\n\n<p><br><strong>Ma Formation et Mon Approche<br><\/strong>Pour concr\u00e9tiser cette aspiration, j\u2019ai suivi une formation de trois ans \u00e0 l\u2019E-Facult\u00e9 de Psychologie<br>et de Psychanalyse (EFPP), o\u00f9 j\u2019ai acquis les comp\u00e9tences n\u00e9cessaires pour devenir praticienne en<br>psychoth\u00e9rapie, sp\u00e9cialis\u00e9e en th\u00e9rapie syst\u00e9mique. Gr\u00e2ce \u00e0 cette formation, \u00e0 mon exp\u00e9rience<br>professionnelle ant\u00e9rieure, \u00e0 une analyse personnelle approfondie ainsi qu\u2019aux stages que j\u2019ai<br>r\u00e9alis\u00e9s, je suis aujourd\u2019hui pleinement en mesure d\u2019accompagner les adolescents, les adultes, les<br>couples et les familles dans la gestion des \u00e9preuves et des difficult\u00e9s qu\u2019ils rencontrent.<br>Un psychopraticien est un professionnel de la sant\u00e9 mentale qui propose un accompagnement<br>psychologique aux personnes en souffrance. Il n\u2019est cependant pas habilit\u00e9 \u00e0 poser de diagnostic<br>clinique ni \u00e0 prescrire des traitements m\u00e9dicaux.<\/p>\n\n\n\n<p><br><strong>Votre Accompagnement<\/strong><br>Je vous accueille avec bienveillance dans mon cabinet situ\u00e9 \u00e0 La Roche-sur-Yon (Vend\u00e9e), dans un<br>cadre chaleureux et apaisant. Je propose \u00e9galement des consultations en visioconf\u00e9rence pour les<br>suivis individuels. Mon \u00e9coute active et ma disponibilit\u00e9 favorisent un espace d\u2019\u00e9change s\u00e9curisant<br>et constructif.<br>Travailler en collaboration avec d\u2019autres professionnels de sant\u00e9 me tient \u00e0 c\u0153ur. Si n\u00e9cessaire, je<br>saurai vous orienter vers un sp\u00e9cialiste adapt\u00e9 \u00e0 vos besoins.<\/p>\n","protected":false},"excerpt":{"rendered":"<p>Emmanuelle Beaucamp, psychopraticienne \u00e0 La Roche sur Yon, vous propose des th\u00e9rapies individuelles, des th\u00e9rapies de couple, des th\u00e9rapies familiales et surtout une \u00e9coute, un accompagnement pour vous aider \u00e0 avancer.<\/p>\n","protected":false},"author":1,"featured_media":0,"parent":0,"menu_order":0,"comment_status":"closed","ping_status":"closed","template":"","meta":{"sfsi_plus_gutenberg_text_before_share":"","sfsi_plus_gutenberg_show_text_before_share":"","sfsi_plus_gutenberg_icon_type":"","sfsi_plus_gutenberg_icon_alignemt":"","sfsi_plus_gutenburg_max_per_row":"","footnotes":""},"class_list":["post-38","page","type-page","status-publish","hentry"],"_links":{"self":[{"href":"https:\/\/www.therapie85.com\/index.php\/wp-json\/wp\/v2\/pages\/38","targetHints":{"allow":["GET"]}}],"collection":[{"href":"https:\/\/www.therapie85.com\/index.php\/wp-json\/wp\/v2\/pages"}],"about":[{"href":"https:\/\/www.therapie85.com\/index.php\/wp-json\/wp\/v2\/types\/page"}],"author":[{"embeddable":true,"href":"https:\/\/www.therapie85.com\/index.php\/wp-json\/wp\/v2\/users\/1"}],"replies":[{"embeddable":true,"href":"https:\/\/www.therapie85.com\/index.php\/wp-json\/wp\/v2\/comments?post=38"}],"version-history":[{"count":9,"href":"https:\/\/www.therapie85.com\/index.php\/wp-json\/wp\/v2\/pages\/38\/revisions"}],"predecessor-version":[{"id":180,"href":"https:\/\/www.therapie85.com\/index.php\/wp-json\/wp\/v2\/pages\/38\/revisions\/180"}],"wp:attachment":[{"href":"https:\/\/www.therapie85.com\/index.php\/wp-json\/wp\/v2\/media?parent=38"}],"curies":[{"name":"wp","href":"https:\/\/api.w.org\/{rel}","templated":true}]}}